{"id":2,"date":"2025-02-17T17:39:26","date_gmt":"2025-02-17T16:39:26","guid":{"rendered":"http:\/\/romaindacosta.com\/?page_id=2"},"modified":"2025-04-28T14:55:51","modified_gmt":"2025-04-28T12:55:51","slug":"page-d-exemple","status":"publish","type":"page","link":"https:\/\/romaindacosta.com\/?page_id=2","title":{"rendered":"Les r\u00e8gles"},"content":{"rendered":"\n<p>Tu as jusqu&rsquo;au <strong>8 mai<\/strong> pour tenter de deviner le pr\u00e9nom de notre futur b\u00e9b\u00e9 ! Trois pr\u00e9noms sont cach\u00e9s dans une liste de 34 : le premier pr\u00e9nom, le deuxi\u00e8me et le troisi\u00e8me.<\/p>\n\n\n\n<p>\ud83d\udc49 <strong>Ton objectif ?<\/strong> Trouver la combinaison exacte ou t&rsquo;en rapprocher le plus possible !<\/p>\n\n\n\n<h4 class=\"wp-block-heading\">\ud83d\udccc Comment \u00e7a marche ?<\/h4>\n\n\n\n<p>1\ufe0f\u20e3 Choisis <strong>trois pr\u00e9noms<\/strong> dans la liste. \ud83d\udc49 <strong>Lien vers le formulaire<\/strong> : [<a href=\"https:\/\/docs.google.com\/forms\/d\/e\/1FAIpQLSd2F5L74JFWOEZvntmQeCGZuXU8_JF4lRQ56AyNXWFkykmh1Q\/viewform\">lien<\/a>]<br>2\ufe0f\u20e3 A partir du <strong>9 mai<\/strong>, la liste commencera \u00e0 r\u00e9tr\u00e9cir : <strong>chaque jour, un pr\u00e9nom faux sera \u00e9limin\u00e9<\/strong> jusqu\u2019\u00e0 la naissance, le <strong>9 juin<\/strong>.<br>3\ufe0f\u20e3 \u00c0 la fin, on calculera les points pour voir qui a le plus approch\u00e9 la bonne r\u00e9ponse.<\/p>\n\n\n\n<p>Pr\u00eat \u00e0 jouer ? Fais tes pronostics <strong>avant le 9 mai<\/strong> et que le meilleur devineur gagne ! \ud83c\udfaf<\/p>\n\n\n\n<p><\/p>\n","protected":false},"excerpt":{"rendered":"<p>Tu as jusqu&rsquo;au 8 mai pour tenter de deviner le pr\u00e9nom de notre futur b\u00e9b\u00e9 ! Trois pr\u00e9noms sont cach\u00e9s dans une liste de 34 : le premier pr\u00e9nom, le&hellip;<\/p>\n","protected":false},"author":1,"featured_media":0,"parent":0,"menu_order":0,"comment_status":"closed","ping_status":"open","template":"","meta":{"footnotes":""},"class_list":["post-2","page","type-page","status-publish","hentry"],"yoast_head":"<!-- This site is optimized with the Yoast SEO plugin v24.9 - https:\/\/yoast.com\/wordpress\/plugins\/seo\/ -->\n<title>Les r\u00e8gles - Le jeu des pr\u00e9noms<\/title>\n<meta name=\"robots\" content=\"index, follow, max-snippet:-1, max-image-preview:large, max-video-preview:-1\" \/>\n<link rel=\"canonical\" href=\"https:\/\/romaindacosta.com\/?page_id=2\" \/>\n<meta property=\"og:locale\" content=\"fr_FR\" \/>\n<meta property=\"og:type\" content=\"article\" \/>\n<meta property=\"og:title\" content=\"Les r\u00e8gles - Le jeu des pr\u00e9noms\" \/>\n<meta property=\"og:description\" content=\"Tu as jusqu&rsquo;au 8 mai pour tenter de deviner le pr\u00e9nom de notre futur b\u00e9b\u00e9 ! Trois pr\u00e9noms sont cach\u00e9s dans une liste de 34 : le premier pr\u00e9nom, le&hellip;\" \/>\n<meta property=\"og:url\" content=\"https:\/\/romaindacosta.com\/?page_id=2\" \/>\n<meta property=\"og:site_name\" content=\"Le jeu des pr\u00e9noms\" \/>\n<meta property=\"article:modified_time\" content=\"2025-04-28T12:55:51+00:00\" \/>\n<meta property=\"og:image\" content=\"https:\/\/romaindacosta.com\/wp-content\/uploads\/2025\/04\/ChatGPT-Image-28-avr.-2025-11_15_21.png\" \/>\n\t<meta property=\"og:image:width\" content=\"1024\" \/>\n\t<meta property=\"og:image:height\" content=\"1024\" \/>\n\t<meta property=\"og:image:type\" content=\"image\/png\" \/>\n<meta name=\"twitter:card\" content=\"summary_large_image\" \/>\n<meta name=\"twitter:label1\" content=\"Dur\u00e9e de lecture estim\u00e9e\" \/>\n\t<meta name=\"twitter:data1\" content=\"1 minute\" \/>\n<script type=\"application\/ld+json\" class=\"yoast-schema-graph\">{\"@context\":\"https:\/\/schema.org\",\"@graph\":[{\"@type\":\"WebPage\",\"@id\":\"https:\/\/romaindacosta.com\/?page_id=2\",\"url\":\"https:\/\/romaindacosta.com\/?page_id=2\",\"name\":\"Les r\u00e8gles - Le jeu des pr\u00e9noms\",\"isPartOf\":{\"@id\":\"https:\/\/romaindacosta.com\/#website\"},\"datePublished\":\"2025-02-17T16:39:26+00:00\",\"dateModified\":\"2025-04-28T12:55:51+00:00\",\"breadcrumb\":{\"@id\":\"https:\/\/romaindacosta.com\/?page_id=2#breadcrumb\"},\"inLanguage\":\"fr-FR\",\"potentialAction\":[{\"@type\":\"ReadAction\",\"target\":[\"https:\/\/romaindacosta.com\/?page_id=2\"]}]},{\"@type\":\"BreadcrumbList\",\"@id\":\"https:\/\/romaindacosta.com\/?page_id=2#breadcrumb\",\"itemListElement\":[{\"@type\":\"ListItem\",\"position\":1,\"name\":\"Accueil\",\"item\":\"https:\/\/romaindacosta.com\/\"},{\"@type\":\"ListItem\",\"position\":2,\"name\":\"Les r\u00e8gles\"}]},{\"@type\":\"WebSite\",\"@id\":\"https:\/\/romaindacosta.com\/#website\",\"url\":\"https:\/\/romaindacosta.com\/\",\"name\":\"Le jeu des pr\u00e9noms\",\"description\":\"Mission pr\u00e9nom : \u00e0 toi de jouer\u202f!\",\"potentialAction\":[{\"@type\":\"SearchAction\",\"target\":{\"@type\":\"EntryPoint\",\"urlTemplate\":\"https:\/\/romaindacosta.com\/?s={search_term_string}\"},\"query-input\":{\"@type\":\"PropertyValueSpecification\",\"valueRequired\":true,\"valueName\":\"search_term_string\"}}],\"inLanguage\":\"fr-FR\"}]}<\/script>\n<!-- \/ Yoast SEO plugin. -->","yoast_head_json":{"title":"Les r\u00e8gles - Le jeu des pr\u00e9noms","robots":{"index":"index","follow":"follow","max-snippet":"max-snippet:-1","max-image-preview":"max-image-preview:large","max-video-preview":"max-video-preview:-1"},"canonical":"https:\/\/romaindacosta.com\/?page_id=2","og_locale":"fr_FR","og_type":"article","og_title":"Les r\u00e8gles - Le jeu des pr\u00e9noms","og_description":"Tu as jusqu&rsquo;au 8 mai pour tenter de deviner le pr\u00e9nom de notre futur b\u00e9b\u00e9 ! Trois pr\u00e9noms sont cach\u00e9s dans une liste de 34 : le premier pr\u00e9nom, le&hellip;","og_url":"https:\/\/romaindacosta.com\/?page_id=2","og_site_name":"Le jeu des pr\u00e9noms","article_modified_time":"2025-04-28T12:55:51+00:00","og_image":[{"width":1024,"height":1024,"url":"https:\/\/romaindacosta.com\/wp-content\/uploads\/2025\/04\/ChatGPT-Image-28-avr.-2025-11_15_21.png","type":"image\/png"}],"twitter_card":"summary_large_image","twitter_misc":{"Dur\u00e9e de lecture estim\u00e9e":"1 minute"},"schema":{"@context":"https:\/\/schema.org","@graph":[{"@type":"WebPage","@id":"https:\/\/romaindacosta.com\/?page_id=2","url":"https:\/\/romaindacosta.com\/?page_id=2","name":"Les r\u00e8gles - Le jeu des pr\u00e9noms","isPartOf":{"@id":"https:\/\/romaindacosta.com\/#website"},"datePublished":"2025-02-17T16:39:26+00:00","dateModified":"2025-04-28T12:55:51+00:00","breadcrumb":{"@id":"https:\/\/romaindacosta.com\/?page_id=2#breadcrumb"},"inLanguage":"fr-FR","potentialAction":[{"@type":"ReadAction","target":["https:\/\/romaindacosta.com\/?page_id=2"]}]},{"@type":"BreadcrumbList","@id":"https:\/\/romaindacosta.com\/?page_id=2#breadcrumb","itemListElement":[{"@type":"ListItem","position":1,"name":"Accueil","item":"https:\/\/romaindacosta.com\/"},{"@type":"ListItem","position":2,"name":"Les r\u00e8gles"}]},{"@type":"WebSite","@id":"https:\/\/romaindacosta.com\/#website","url":"https:\/\/romaindacosta.com\/","name":"Le jeu des pr\u00e9noms","description":"Mission pr\u00e9nom : \u00e0 toi de jouer\u202f!","potentialAction":[{"@type":"SearchAction","target":{"@type":"EntryPoint","urlTemplate":"https:\/\/romaindacosta.com\/?s={search_term_string}"},"query-input":{"@type":"PropertyValueSpecification","valueRequired":true,"valueName":"search_term_string"}}],"inLanguage":"fr-FR"}]}},"_links":{"self":[{"href":"https:\/\/romaindacosta.com\/index.php?rest_route=\/wp\/v2\/pages\/2","targetHints":{"allow":["GET"]}}],"collection":[{"href":"https:\/\/romaindacosta.com\/index.php?rest_route=\/wp\/v2\/pages"}],"about":[{"href":"https:\/\/romaindacosta.com\/index.php?rest_route=\/wp\/v2\/types\/page"}],"author":[{"embeddable":true,"href":"https:\/\/romaindacosta.com\/index.php?rest_route=\/wp\/v2\/users\/1"}],"replies":[{"embeddable":true,"href":"https:\/\/romaindacosta.com\/index.php?rest_route=%2Fwp%2Fv2%2Fcomments&post=2"}],"version-history":[{"count":5,"href":"https:\/\/romaindacosta.com\/index.php?rest_route=\/wp\/v2\/pages\/2\/revisions"}],"predecessor-version":[{"id":34,"href":"https:\/\/romaindacosta.com\/index.php?rest_route=\/wp\/v2\/pages\/2\/revisions\/34"}],"wp:attachment":[{"href":"https:\/\/romaindacosta.com\/index.php?rest_route=%2Fwp%2Fv2%2Fmedia&parent=2"}],"curies":[{"name":"wp","href":"https:\/\/api.w.org\/{rel}","templated":true}]}}